{"id":4943,"date":"2026-01-27T11:19:12","date_gmt":"2026-01-27T10:19:12","guid":{"rendered":"https:\/\/www.inga-haste.de\/wp\/?page_id=4943"},"modified":"2026-02-12T12:39:18","modified_gmt":"2026-02-12T11:39:18","slug":"gastroenterologie-dr-frank-strothmann","status":"publish","type":"page","link":"https:\/\/www.inga-haste.de\/wp\/gastroenterologie-dr-frank-strothmann\/","title":{"rendered":"Gastroenterologie Dr. Frank Strothmann"},"content":{"rendered":"<div class=\"gb-container gb-container-f0b7dec4\">\n\n<div style=\"height:25px\" aria-hidden=\"true\" class=\"wp-block-spacer\"><\/div>\n\n<\/div>\n\n\n<div class=\"wp-block-group is-vertical is-content-justification-center is-layout-flex wp-container-core-group-is-layout-4b2eccd6 wp-block-group-is-layout-flex\"><div class=\"gb-container gb-container-32401022\">\n<div class=\"gb-grid-wrapper gb-grid-wrapper-dacc9225\">\n<div class=\"gb-grid-column gb-grid-column-f6d360e6\"><div class=\"gb-container gb-container-f6d360e6\">\n<div class=\"wp-block-image is-style-default\">\n<figure class=\"aligncenter size-full\"><img loading=\"lazy\" decoding=\"async\" width=\"1000\" height=\"500\" src=\"https:\/\/www.inga-haste.de\/wp-content\/uploads\/2025\/12\/Signet-Strothmann.png\" alt=\"\" class=\"wp-image-4946\" srcset=\"https:\/\/www.inga-haste.de\/wp-content\/uploads\/2025\/12\/Signet-Strothmann.png 1000w, https:\/\/www.inga-haste.de\/wp-content\/uploads\/2025\/12\/Signet-Strothmann-300x150.png 300w, https:\/\/www.inga-haste.de\/wp-content\/uploads\/2025\/12\/Signet-Strothmann-768x384.png 768w\" sizes=\"auto, (max-width: 1000px) 100vw, 1000px\" \/><\/figure>\n<\/div>\n\n<div class=\"wp-block-image is-style-default\">\n<figure class=\"aligncenter size-full\"><img loading=\"lazy\" decoding=\"async\" width=\"500\" height=\"500\" src=\"https:\/\/www.inga-haste.de\/wp-content\/uploads\/2025\/12\/Strothmann.png\" alt=\"\" class=\"wp-image-4945\" srcset=\"https:\/\/www.inga-haste.de\/wp-content\/uploads\/2025\/12\/Strothmann.png 500w, https:\/\/www.inga-haste.de\/wp-content\/uploads\/2025\/12\/Strothmann-300x300.png 300w, https:\/\/www.inga-haste.de\/wp-content\/uploads\/2025\/12\/Strothmann-150x150.png 150w\" sizes=\"auto, (max-width: 500px) 100vw, 500px\" \/><\/figure>\n<\/div>\n<\/div><\/div>\n\n<div class=\"gb-grid-column gb-grid-column-ec041a0d\"><div class=\"gb-container gb-container-ec041a0d\">\n\n<p class=\"gb-headline gb-headline-13501a67 gb-headline-text\"><strong>Dr. Frank Strothmann<\/strong><\/p>\n\n\n\n<p class=\"gb-headline gb-headline-2c82269d gb-headline-text\">Facharzt f\u00fcr Innere Medizin, Gastroenterologie, Ern\u00e4hrungsmediziner (DGEM)<br><br><strong>Facharztbezeichnung und Weiterbildungen<\/strong><\/p>\n\n\n\n<ul class=\"wp-block-list\">\n<li>Internist seit 17.12.2009<\/li>\n\n\n\n<li>Gastroenterologe seit 02.06.2014<\/li>\n\n\n\n<li>Ern\u00e4hrungsmediziner (DGEM) seit 30.03.2017.<\/li>\n<\/ul>\n\n\n\n<p class=\"gb-headline gb-headline-6c8c5391 gb-headline-text\"><strong>Mitgliedschaft in Verb\u00e4nden:<\/strong><\/p>\n\n\n\n<ul class=\"wp-block-list\">\n<li>Deutsche Gesellschaft f\u00fcr Innere Medizin (DGIM)<\/li>\n\n\n\n<li>Deutsche Gesellschaft f\u00fcr Gastroenterologie, Verdauungs- und Stoffwechselkrankheiten (DGVS)<\/li>\n\n\n\n<li>Berufsverband Niedergelassener Gastroenterologen Deutschlands e. V. (bng)<\/li>\n<\/ul>\n\n<\/div><\/div>\n<\/div>\n<\/div><\/div>\n\n\n\n<div class=\"wp-block-group is-vertical is-content-justification-center is-layout-flex wp-container-core-group-is-layout-4b2eccd6 wp-block-group-is-layout-flex\"><div class=\"gb-container gb-container-b0d88076\">\n<div class=\"gb-grid-wrapper gb-grid-wrapper-ba226820\">\n<div class=\"gb-grid-column gb-grid-column-1b68a1de\"><div class=\"gb-container gb-container-1b68a1de\">\n\n<p class=\"gb-headline gb-headline-68bf06dc gb-headline-text\" id=\"ankerstrothmann\">Dr. Frank Strothmann ist Facharzt f\u00fcr Innere Medizin und Gastroenterologie, also f\u00fcr den Bereich Gastroenterologie, Verdauungs- und Stoffwechselerkrankungen zust\u00e4ndig.<\/p>\n\n\n\n<p class=\"gb-headline gb-headline-a64d3284 gb-headline-text\"><strong>Gastroenterologische Leistungen:<\/strong><\/p>\n\n\n\n<ul class=\"wp-block-list\">\n<li>HD-Endoskopie (Magen- und Darmspiegelungen) in Sedierung (Schlaf-Spritze)<\/li>\n\n\n\n<li>Gastroskopie \u2013 Magenspiegelung: mit Helicobacter-pylori- und Z\u00f6liakie-Diagnostik, Behandlung von Stenosen, Polypenentfernung, endoskopische Blutstillung.<\/li>\n\n\n\n<li>Koloskopie \u2013 Darmspiegelungen: incl. Vorsorgekoloskopie (f\u00fcr M\u00e4nner und Frauen ab dem 50. Lebensjahr), mit Polypektomie und Diagnostik bei akuten und chronisch entz\u00fcndlichen Darmerkrankungen.<\/li>\n\n\n\n<li>Proktoskopie und Rekto-Sigmoidoskopien: Enddarmuntersuchungen incl. Therapie von H\u00e4morrhoiden, Analvenenthrombosen und konservative Therapie von Analfissuren<\/li>\n\n\n\n<li>H2-Atemtests: Untersuchung auf Nahrungsmittelunvertr\u00e4glichkeiten (Laktose, Fruktose, Sorbit) Untersuchungen auf Helicobacter-pylori und bakterielle Fehlbesiedlung des Darms.<\/li>\n\n\n\n<li>Stuhluntersuchungen auf darmpathogene Keime und Stoffwechselerkrankungen<\/li>\n\n\n\n<li>CED-Sprechstunde: Diagnostik und Therapie, Behandlungs-Einleitung und -Begleitung bei chronisch entz\u00fcndlichen Darmerkrankungen (CED: Morbus Crohn, Colitis ulcerosa)<\/li>\n\n\n\n<li>Diagnostik bei Lebererkrankungen inkl. Spezialdiagnostik und Therapie<\/li>\n\n\n\n<li>Sonographie der Bauchorgane<\/li>\n\n\n\n<li>Spezielle Labordiagnostik<\/li>\n<\/ul>\n\n<\/div><\/div>\n\n<div class=\"gb-grid-column gb-grid-column-06907cb3\"><div class=\"gb-container gb-container-06907cb3\"><\/div><\/div>\n<\/div>\n<\/div><\/div>\n\n\n\n<div class=\"wp-block-group is-vertical is-content-justification-center is-layout-flex wp-container-core-group-is-layout-4b2eccd6 wp-block-group-is-layout-flex\"><div class=\"gb-container gb-container-f250fe23\">\n\n<p class=\"gb-headline gb-headline-124cf4f2\" id=\"sprechstundengastro\"><span class=\"gb-icon\"><svg viewBox=\"0 0 36.7 3\" xmlns=\"http:\/\/www.w3.org\/2000\/svg\"><path d=\"M0 0h36.7v3H0z\"><\/path><\/svg><\/span><span class=\"gb-headline-text\">ALLGEMEINE HINWEISE<\/span><\/p>\n\n\n\n<h4 class=\"gb-headline gb-headline-e926ef3b gb-headline-text\">Sprechstundenzeiten:<\/h4>\n\n\n<div class=\"gb-container gb-container-b34619fa\">\n\n<figure class=\"wp-block-table is-style-stripes has-medium-font-size\"><table><tbody><tr><td><strong>Montag:<\/strong><\/td><td>08:00 &#8211; 12:00<\/td><td>15:00 -18:00 Uhr<\/td><\/tr><tr><td><strong>Dienstag:<\/strong><\/td><td>08:00 &#8211; 12:00<\/td><td>15:00 &#8211; 18:00 Uhr<\/td><\/tr><tr><td><strong>Mittwoch:<\/strong><\/td><td>08:00 &#8211; 12:00<\/td><td><\/td><\/tr><tr><td><strong>Donnerstag:<\/strong><\/td><td>08:00 &#8211; 12:00<\/td><td>15:00 &#8211; 18:00 Uhr<\/td><\/tr><tr><td><strong>Freitag:<\/strong><\/td><td>08:00 &#8211; 12:00<\/td><td><\/td><\/tr><\/tbody><\/table><\/figure>\n\n<\/div>\n\n\n<h4 class=\"gb-headline gb-headline-fec6ea40 gb-headline-text\">Abweichende telefonische Erreichbarkeit:<\/h4>\n\n\n<div class=\"gb-container gb-container-a8eda07a\">\n\n<figure class=\"wp-block-table is-style-stripes\"><table><tbody><tr><td><strong>Montag:<\/strong><\/td><td>08:00 &#8211; 12:00<\/td><td>15:00 -17:00 Uhr<\/td><\/tr><tr><td><strong>Dienstag:<\/strong><\/td><td>08:00 &#8211; 12:00<\/td><td>15:00 -17:00 Uhr<\/td><\/tr><tr><td><strong>Mittwoch:<\/strong><\/td><td>08:00 &#8211; 12:00<\/td><td><\/td><\/tr><tr><td><strong>Donnerstag:<\/strong><\/td><td>08:00 &#8211; 12:00<\/td><td>15:00 -17:00 Uhr<\/td><\/tr><tr><td><strong>Freitag:<\/strong><\/td><td>08:00 &#8211; 12:00<\/td><td><\/td><\/tr><\/tbody><\/table><\/figure>\n\n<\/div>\n\n\n<h4 class=\"gb-headline gb-headline-aa1a8b8d gb-headline-text\">Terminvergabe:<\/h4>\n\n\n\n<p class=\"gb-headline gb-headline-875def65 gb-headline-text\">Bitte vereinbaren Sie vorab <strong>per Telefon<\/strong>, <strong>E-Mail<\/strong> oder den <strong><a href=\"https:\/\/www.inga-haste.de\/wp\/online-terminvergabe\/\">Online-Kalender<\/a><\/strong> einen Behandlungstermin.<br>Ohne vorherige Terminabsprache ist es uns zuk\u00fcnftig leider mit Ausnahme dringlicher Notfallsituationen nicht mehr m\u00f6glich, Behandlungen durchzuf\u00fchren.<\/p>\n\n\n\n<h4 class=\"gb-headline gb-headline-247c586f gb-headline-text\">Allgemeine Hinweise:<\/h4>\n\n\n\n<p class=\"gb-headline gb-headline-df977744 gb-headline-text\">Bei erster Medikamentenbestellung im Quartal bitten wir Sie, vorab in der Praxis Ihre Versichertenkarte einlesen zu lassen (ansonsten ist eine elektronische Medikamenten\u00fcbermittlung <strong>NICHT<\/strong> m\u00f6glich).<br><br>Medikamente k\u00f6nnen im Regelfall nach Bestellung am darauf folgenden Tag in der Apotheke nach elektronischer \u00dcbermittlung abgeholt werden.<br><br>Privatrezepte sowie Verordnungen f\u00fcr Hilfsmittel, Physiotherapie und h\u00e4uslicher Krankenpflege k\u00f6nnen noch nicht elektronisch \u00fcbermittelt werden und m\u00fcssen vor Ort abgeholt werden.<\/p>\n\n\n\n<h4 class=\"gb-headline gb-headline-f12e32fc gb-headline-text\">Rezeptbestellungen:<\/h4>\n\n\n\n<p class=\"gb-headline gb-headline-fb2d1171 gb-headline-text\">Nehmen wir gern pers\u00f6nlich, per e-Mail (info@inga-haste.de) oder \u00fcber unsere Telefon-Bestellhotline entgegen.<\/p>\n\n\n\n<h4 class=\"gb-headline gb-headline-be34b7e2 gb-headline-text\">2026 &#8211; Urlaubszeiten und Urlaubsvertretungen:<\/h4>\n\n\n<div class=\"gb-container gb-container-6a238785\">\n\n<figure class=\"wp-block-table aligncenter is-style-stripes\"><table class=\"has-fixed-layout\"><tbody><tr><td class=\"has-text-align-center\" data-align=\"center\"><strong>Zeitraum<\/strong>        <\/td><td><strong>Vertretung<\/strong><\/td><td><strong>Stra\u00dfe<\/strong><\/td><td><strong>Ort<\/strong><\/td><\/tr><tr><td class=\"has-text-align-center\" data-align=\"center\">02.02. &#8211; 03.02.<\/td><td>Praxis Dres. B\u00fcnger &amp; van Verth<\/td><td>Bischofstra\u00dfe 30<\/td><td>49094 Osnabr\u00fcck<\/td><\/tr><tr><td class=\"has-text-align-center\" data-align=\"center\">30.03. &#8211; 07.04.<\/td><td>Praxis Dres. B\u00fcnger &amp; van Verth<\/td><td>Bischofstra\u00dfe 30<\/td><td>49094 Osnabr\u00fcck<\/td><\/tr><tr><td class=\"has-text-align-center\" data-align=\"center\">15.05.<\/td><td><\/td><td><\/td><td><\/td><\/tr><tr><td class=\"has-text-align-center\" data-align=\"center\">20.07. &#8211; 07.08.<\/td><td>Praxis Dres. B\u00fcnger &amp; van Verth<\/td><td>Bischofstra\u00dfe 30<\/td><td>49094 Osnabr\u00fcck<\/td><\/tr><tr><td class=\"has-text-align-center\" data-align=\"center\">17.09. &#8211; 18.09. <\/td><td>Praxis Dres. B\u00fcnger &amp; van Verth<\/td><td>Bischofstra\u00dfe 30<\/td><td>49094 Osnabr\u00fcck<\/td><\/tr><tr><td class=\"has-text-align-center\" data-align=\"center\">19.10. &#8211; 23.10.<\/td><td>Praxis Dres. B\u00fcnger &amp; van Verth<\/td><td>Bischofstra\u00dfe 30<\/td><td>49094 Osnabr\u00fcck<\/td><\/tr><\/tbody><\/table><\/figure>\n\n<\/div>\n\n\n<p><\/p>\n\n<\/div><\/div>\n\n\n<div class=\"gb-container gb-container-b763d655\"><div class=\"gb-inside-container\">\n<div class=\"gb-grid-wrapper gb-grid-wrapper-bdd07d44\">\n<div class=\"gb-grid-column gb-grid-column-1481373c\"><div class=\"gb-container gb-container-1481373c\"><div class=\"gb-inside-container\">\n\n<p class=\"gb-headline gb-headline-0f8be4e0\"><span class=\"gb-icon\"><svg viewBox=\"0 0 36.7 3\" xmlns=\"http:\/\/www.w3.org\/2000\/svg\"><path d=\"M0 0h36.7v3H0z\"><\/path><\/svg><\/span><span class=\"gb-headline-text\">Kontakt<\/span><\/p>\n\n\n\n<h2 class=\"gb-headline gb-headline-fbeda807 gb-headline-text\">Melden Sie sich in der Praxis f\u00fcr eine Terminvereinbarung!<\/h2>\n\n\n\n<h5 class=\"gb-headline gb-headline-3cd99de4 gb-headline-text\">Telefonisch:&nbsp;<strong>(0541) 800 57 900<\/strong><\/h5>\n\n\n\n<h5 class=\"gb-headline gb-headline-07899b4c gb-headline-text\">Per Email:&nbsp;<strong>info@inga-haste.de<\/strong><\/h5>\n\n\n\n<h5 class=\"gb-headline gb-headline-3486f8f2 gb-headline-text\">Online: \u00fcber unseren Kalender <strong><a href=\"https:\/\/www.inga-haste.de\/wp\/online-terminvergabe\/\">hier klicken<\/a><\/strong><\/h5>\n\n\n<div class=\"gb-button-wrapper gb-button-wrapper-94699c42\">\n\n<a class=\"gb-button gb-button-0d97623a gb-button-text button\" href=\"https:\/\/www.inga-haste.de\/wp\/kontakt\/\">Termin vereinbaren<\/a>\n\n<\/div>\n<\/div><\/div><\/div>\n<\/div>\n<\/div><\/div>\n\n\n<p><\/p>\n","protected":false},"excerpt":{"rendered":"<p>ALLGEMEINE HINWEISE Sprechstundenzeiten: Montag: 08:00 &#8211; 12:00 15:00 -18:00 Uhr Dienstag: 08:00 &#8211; 12:00 15:00 &#8211; 18:00 Uhr Mittwoch: 08:00 &#8211; 12:00 Donnerstag: 08:00 &#8211; 12:00 15:00 &#8211; 18:00 Uhr Freitag: 08:00 &#8211; 12:00 Montag: 08:00 &#8211; 12:00 15:00 -17:00 Uhr Dienstag: 08:00 &#8211; 12:00 15:00 -17:00 Uhr Mittwoch: 08:00 &#8211; 12:00 Donnerstag: 08:00 &#8211; &#8230; <a title=\"Gastroenterologie Dr. Frank Strothmann\" class=\"read-more\" href=\"https:\/\/www.inga-haste.de\/wp\/gastroenterologie-dr-frank-strothmann\/\" aria-label=\"Mehr Informationen \u00fcber Gastroenterologie Dr. Frank Strothmann\">Weiterlesen &#8230;<\/a><\/p>\n","protected":false},"author":1,"featured_media":4702,"parent":0,"menu_order":0,"comment_status":"closed","ping_status":"closed","template":"","meta":{"_seopress_robots_primary_cat":"","_seopress_titles_title":"","_seopress_titles_desc":"","_seopress_robots_index":"","footnotes":""},"class_list":["post-4943","page","type-page","status-publish","has-post-thumbnail"],"_links":{"self":[{"href":"https:\/\/www.inga-haste.de\/wp\/wp-json\/wp\/v2\/pages\/4943","targetHints":{"allow":["GET"]}}],"collection":[{"href":"https:\/\/www.inga-haste.de\/wp\/wp-json\/wp\/v2\/pages"}],"about":[{"href":"https:\/\/www.inga-haste.de\/wp\/wp-json\/wp\/v2\/types\/page"}],"author":[{"embeddable":true,"href":"https:\/\/www.inga-haste.de\/wp\/wp-json\/wp\/v2\/users\/1"}],"replies":[{"embeddable":true,"href":"https:\/\/www.inga-haste.de\/wp\/wp-json\/wp\/v2\/comments?post=4943"}],"version-history":[{"count":9,"href":"https:\/\/www.inga-haste.de\/wp\/wp-json\/wp\/v2\/pages\/4943\/revisions"}],"predecessor-version":[{"id":4995,"href":"https:\/\/www.inga-haste.de\/wp\/wp-json\/wp\/v2\/pages\/4943\/revisions\/4995"}],"wp:featuredmedia":[{"embeddable":true,"href":"https:\/\/www.inga-haste.de\/wp\/wp-json\/wp\/v2\/media\/4702"}],"wp:attachment":[{"href":"https:\/\/www.inga-haste.de\/wp\/wp-json\/wp\/v2\/media?parent=4943"}],"curies":[{"name":"wp","href":"https:\/\/api.w.org\/{rel}","templated":true}]}}